{"id":616,"date":"2024-08-10T07:32:26","date_gmt":"2024-08-10T07:32:26","guid":{"rendered":"https:\/\/startersites.io\/elementor\/consultant\/?page_id=616"},"modified":"2026-03-17T21:47:54","modified_gmt":"2026-03-17T21:47:54","slug":"about","status":"publish","type":"page","link":"https:\/\/lepetitformateur.com\/index.php\/about\/","title":{"rendered":"About"},"content":{"rendered":"\t\t<div data-elementor-type=\"wp-page\" data-elementor-id=\"616\" class=\"elementor elementor-616\">\n\t\t\t\t<div class=\"elementor-element elementor-element-4b0608a e-flex e-con-boxed e-con e-parent\" data-id=\"4b0608a\" data-element_type=\"container\" data-e-type=\"container\" data-settings=\"{&quot;background_background&quot;:&quot;classic&quot;}\">\n\t\t\t\t\t<div class=\"e-con-inner\">\n\t\t\t\t<div class=\"elementor-element elementor-element-dfaeca8 elementor-widget elementor-widget-heading\" data-id=\"dfaeca8\" data-element_type=\"widget\" data-e-type=\"widget\" data-widget_type=\"heading.default\">\n\t\t\t\t\t<h2 class=\"elementor-heading-title elementor-size-default\">Financer votre formation <\/h2>\t\t\t\t<\/div>\n\t\t\t\t\t<\/div>\n\t\t\t\t<\/div>\n\t\t<div class=\"elementor-element elementor-element-f0e9484 e-flex e-con-boxed e-con e-parent\" data-id=\"f0e9484\" data-element_type=\"container\" data-e-type=\"container\">\n\t\t\t\t\t<div class=\"e-con-inner\">\n\t\t\t\t<div class=\"elementor-element elementor-element-b463732 elementor-widget elementor-widget-text-editor\" data-id=\"b463732\" data-element_type=\"widget\" data-e-type=\"widget\" data-widget_type=\"text-editor.default\">\n\t\t\t\t\t\t\t\t\t<p>Plusieurs solutions permettent de financer votre formation.<br \/>Selon votre situation (salari\u00e9, demandeur d\u2019emploi, ind\u00e9pendant ou entreprise), diff\u00e9rents dispositifs peuvent prendre en charge tout ou partie du co\u00fbt de la formation.\u00a0<\/p>\t\t\t\t\t\t\t\t<\/div>\n\t\t\t\t\t<\/div>\n\t\t\t\t<\/div>\n\t\t<div class=\"elementor-element elementor-element-baf3d9e e-flex e-con-boxed e-con e-parent\" data-id=\"baf3d9e\" data-element_type=\"container\" data-e-type=\"container\">\n\t\t\t\t\t<div class=\"e-con-inner\">\n\t\t<div class=\"elementor-element elementor-element-a380bec e-con-full e-flex e-con e-child\" data-id=\"a380bec\" data-element_type=\"container\" data-e-type=\"container\">\n\t\t\t\t<div class=\"elementor-element elementor-element-890cdab e-transform elementor-widget elementor-widget-heading\" data-id=\"890cdab\" data-element_type=\"widget\" data-e-type=\"widget\" data-settings=\"{&quot;_transform_scale_effect&quot;:{&quot;unit&quot;:&quot;px&quot;,&quot;size&quot;:1,&quot;sizes&quot;:[]},&quot;_transform_scale_effect_tablet&quot;:{&quot;unit&quot;:&quot;px&quot;,&quot;size&quot;:&quot;&quot;,&quot;sizes&quot;:[]},&quot;_transform_scale_effect_mobile&quot;:{&quot;unit&quot;:&quot;px&quot;,&quot;size&quot;:&quot;&quot;,&quot;sizes&quot;:[]}}\" data-widget_type=\"heading.default\">\n\t\t\t\t\t<h2 class=\"elementor-heading-title elementor-size-default\">Compte Personnel de Formation (CPF)<\/h2>\t\t\t\t<\/div>\n\t\t\t\t<div class=\"elementor-element elementor-element-781839f elementor-widget elementor-widget-text-editor\" data-id=\"781839f\" data-element_type=\"widget\" data-e-type=\"widget\" data-widget_type=\"text-editor.default\">\n\t\t\t\t\t\t\t\t\t<p>Le CPF permet aux salari\u00e9s et demandeurs d\u2019emploi de financer des formations tout au long de leur carri\u00e8re. Certaines formations peuvent \u00eatre prises en charge totalement ou partiellement via votre compte CPF.<\/p>\t\t\t\t\t\t\t\t<\/div>\n\t\t\t\t<\/div>\n\t\t<div class=\"elementor-element elementor-element-e952f40 e-con-full e-flex e-con e-child\" data-id=\"e952f40\" data-element_type=\"container\" data-e-type=\"container\">\n\t\t\t\t<div class=\"elementor-element elementor-element-8b63c9c elementor-widget elementor-widget-heading\" data-id=\"8b63c9c\" data-element_type=\"widget\" data-e-type=\"widget\" data-widget_type=\"heading.default\">\n\t\t\t\t\t<h2 class=\"elementor-heading-title elementor-size-default\">Operateur de comp\u00e9tence  (OPCO)<\/h2>\t\t\t\t<\/div>\n\t\t\t\t<div class=\"elementor-element elementor-element-3e373e3 elementor-widget elementor-widget-text-editor\" data-id=\"3e373e3\" data-element_type=\"widget\" data-e-type=\"widget\" data-widget_type=\"text-editor.default\">\n\t\t\t\t\t\t\t\t\t<p>Les entreprises peuvent faire financer les formations de leurs salari\u00e9s par leur OPCO. Nous vous accompagnons dans les d\u00e9marches pour obtenir la prise en charge.<\/p>\t\t\t\t\t\t\t\t<\/div>\n\t\t\t\t<\/div>\n\t\t<div class=\"elementor-element elementor-element-17044c2 e-con-full e-flex e-con e-child\" data-id=\"17044c2\" data-element_type=\"container\" data-e-type=\"container\">\n\t\t\t\t<div class=\"elementor-element elementor-element-7f3bee2 elementor-widget elementor-widget-heading\" data-id=\"7f3bee2\" data-element_type=\"widget\" data-e-type=\"widget\" data-widget_type=\"heading.default\">\n\t\t\t\t\t<h2 class=\"elementor-heading-title elementor-size-default\">Financement par l\u2019entreprise<\/h2>\t\t\t\t<\/div>\n\t\t\t\t<div class=\"elementor-element elementor-element-de6fb7b elementor-widget elementor-widget-text-editor\" data-id=\"de6fb7b\" data-element_type=\"widget\" data-e-type=\"widget\" data-widget_type=\"text-editor.default\">\n\t\t\t\t\t\t\t\t\t<p>Les entreprises peuvent financer directement la formation de leurs \u00e9quipes dans le cadre du plan de d\u00e9veloppement des comp\u00e9tences.<\/p>\t\t\t\t\t\t\t\t<\/div>\n\t\t\t\t<\/div>\n\t\t<div class=\"elementor-element elementor-element-2c0aac0 e-con-full e-flex e-con e-child\" data-id=\"2c0aac0\" data-element_type=\"container\" data-e-type=\"container\">\n\t\t\t\t<div class=\"elementor-element elementor-element-d04d43b elementor-widget elementor-widget-heading\" data-id=\"d04d43b\" data-element_type=\"widget\" data-e-type=\"widget\" data-widget_type=\"heading.default\">\n\t\t\t\t\t<h2 class=\"elementor-heading-title elementor-size-default\">France Travail<\/h2>\t\t\t\t<\/div>\n\t\t\t\t<div class=\"elementor-element elementor-element-7a12e58 elementor-widget elementor-widget-text-editor\" data-id=\"7a12e58\" data-element_type=\"widget\" data-e-type=\"widget\" data-widget_type=\"text-editor.default\">\n\t\t\t\t\t\t\t\t\t<p>Les demandeurs d\u2019emploi peuvent b\u00e9n\u00e9ficier d\u2019une prise en charge via France Travail selon leur projet professionnel.<\/p>\t\t\t\t\t\t\t\t<\/div>\n\t\t\t\t<\/div>\n\t\t\t\t\t<\/div>\n\t\t\t\t<\/div>\n\t\t<div class=\"elementor-element elementor-element-875049f e-flex e-con-boxed e-con e-parent\" data-id=\"875049f\" data-element_type=\"container\" data-e-type=\"container\">\n\t\t\t\t\t<div class=\"e-con-inner\">\n\t\t\t\t<div class=\"elementor-element elementor-element-e464ad6 elementor-widget__width-initial elementor-widget elementor-widget-heading\" data-id=\"e464ad6\" data-element_type=\"widget\" data-e-type=\"widget\" data-widget_type=\"heading.default\">\n\t\t\t\t\t<h2 class=\"elementor-heading-title elementor-size-default\">Nous vous accompagnons dans vos d\u00e9marches<\/h2>\t\t\t\t<\/div>\n\t\t\t\t\t<\/div>\n\t\t\t\t<\/div>\n\t\t<div class=\"elementor-element elementor-element-33a550e e-flex e-con-boxed e-con e-parent\" data-id=\"33a550e\" data-element_type=\"container\" data-e-type=\"container\">\n\t\t\t\t\t<div class=\"e-con-inner\">\n\t\t\t\t<div class=\"elementor-element elementor-element-e48a392 elementor-widget elementor-widget-text-editor\" data-id=\"e48a392\" data-element_type=\"widget\" data-e-type=\"widget\" data-widget_type=\"text-editor.default\">\n\t\t\t\t\t\t\t\t\t<p>Le Petit Formateur vous accompagne dans l\u2019identification des dispositifs de financement et dans les d\u00e9marches administratives afin de faciliter l\u2019acc\u00e8s \u00e0 la formation.<\/p>\t\t\t\t\t\t\t\t<\/div>\n\t\t\t\t\t<\/div>\n\t\t\t\t<\/div>\n\t\t<div class=\"elementor-element elementor-element-74797b8 e-flex e-con-boxed e-con e-parent\" data-id=\"74797b8\" data-element_type=\"container\" data-e-type=\"container\">\n\t\t\t\t\t<div class=\"e-con-inner\">\n\t\t\t\t<div class=\"elementor-element elementor-element-ead72ac elementor-invisible elementor-widget elementor-widget-button\" data-id=\"ead72ac\" data-element_type=\"widget\" data-e-type=\"widget\" data-settings=\"{&quot;_animation&quot;:&quot;fadeInLeft&quot;}\" data-widget_type=\"button.default\">\n\t\t\t\t\t\t\t\t\t\t<a class=\"elementor-button elementor-button-link elementor-size-sm\" href=\"https:\/\/lepetitformateur.com\/index.php\/contact\/\">\n\t\t\t\t\t\t<span class=\"elementor-button-content-wrapper\">\n\t\t\t\t\t\t\t\t\t<span class=\"elementor-button-text\">Demander des informations<\/span>\n\t\t\t\t\t<\/span>\n\t\t\t\t\t<\/a>\n\t\t\t\t\t\t\t\t<\/div>\n\t\t\t\t\t<\/div>\n\t\t\t\t<\/div>\n\t\t\t\t<\/div>\n\t\t","protected":false},"excerpt":{"rendered":"<p>Financer votre formation Plusieurs solutions permettent de financer votre formation.Selon votre situation (salari\u00e9, demandeur d\u2019emploi, ind\u00e9pendant ou entreprise), diff\u00e9rents dispositifs peuvent prendre en charge tout ou partie du co\u00fbt de la formation.\u00a0 Compte Personnel de Formation (CPF) Le CPF permet aux salari\u00e9s et demandeurs d\u2019emploi de financer des formations tout au long de leur carri\u00e8re. [&hellip;]<\/p>\n","protected":false},"author":1,"featured_media":0,"parent":0,"menu_order":0,"comment_status":"closed","ping_status":"closed","template":"","meta":{"footnotes":""},"class_list":["post-616","page","type-page","status-publish","hentry"],"blocksy_meta":{"has_hero_section":"disabled","styles_descriptor":{"styles":{"desktop":"","tablet":"","mobile":""},"google_fonts":[],"version":6}},"_links":{"self":[{"href":"https:\/\/lepetitformateur.com\/index.php\/wp-json\/wp\/v2\/pages\/616","targetHints":{"allow":["GET"]}}],"collection":[{"href":"https:\/\/lepetitformateur.com\/index.php\/wp-json\/wp\/v2\/pages"}],"about":[{"href":"https:\/\/lepetitformateur.com\/index.php\/wp-json\/wp\/v2\/types\/page"}],"author":[{"embeddable":true,"href":"https:\/\/lepetitformateur.com\/index.php\/wp-json\/wp\/v2\/users\/1"}],"replies":[{"embeddable":true,"href":"https:\/\/lepetitformateur.com\/index.php\/wp-json\/wp\/v2\/comments?post=616"}],"version-history":[{"count":27,"href":"https:\/\/lepetitformateur.com\/index.php\/wp-json\/wp\/v2\/pages\/616\/revisions"}],"predecessor-version":[{"id":1622,"href":"https:\/\/lepetitformateur.com\/index.php\/wp-json\/wp\/v2\/pages\/616\/revisions\/1622"}],"wp:attachment":[{"href":"https:\/\/lepetitformateur.com\/index.php\/wp-json\/wp\/v2\/media?parent=616"}],"curies":[{"name":"wp","href":"https:\/\/api.w.org\/{rel}","templated":true}]}}